{"id":6,"date":"2025-06-04T15:48:39","date_gmt":"2025-06-04T15:48:39","guid":{"rendered":"https:\/\/templosirius.org\/Nebula58\/?page_id=6"},"modified":"2026-03-06T21:27:26","modified_gmt":"2026-03-06T21:27:26","slug":"quienes-somos","status":"publish","type":"page","link":"https:\/\/templosirius.org\/Nebula58\/quienes-somos\/","title":{"rendered":"\u00bfQui\u00e9nes somos?"},"content":{"rendered":"\n<div class=\"wp-block-columns is-layout-flex wp-container-core-columns-is-layout-9d6595d7 wp-block-columns-is-layout-flex\">\n<div class=\"wp-block-column templo is-layout-flow wp-block-column-is-layout-flow\">\n<div class=\"wp-block-columns is-layout-flex wp-container-core-columns-is-layout-9d6595d7 wp-block-columns-is-layout-flex\">\n<div class=\"wp-block-column is-layout-flow wp-block-column-is-layout-flow\">\n<figure class=\"wp-block-image size-full\"><img loading=\"lazy\" decoding=\"async\" width=\"1024\" height=\"1536\" src=\"https:\/\/templosirius.org\/Nebula58\/wp-content\/uploads\/imagenes\/quienes-somos\/pilar.webp\" alt=\"\" class=\"wp-image-177\" style=\"object-fit:cover\" srcset=\"https:\/\/templosirius.org\/Nebula58\/wp-content\/uploads\/imagenes\/quienes-somos\/pilar.webp 1024w, https:\/\/templosirius.org\/Nebula58\/wp-content\/uploads\/imagenes\/quienes-somos\/pilar-768x1152.webp 768w\" sizes=\"auto, (max-width: 1024px) 100vw, 1024px\" \/><\/figure>\n<\/div>\n\n\n\n<div class=\"wp-block-column txt is-layout-flow wp-block-column-is-layout-flow\">\n<h2 class=\"wp-block-heading\"><em>QUI\u00c9NES SOMOS<\/em><br>TEMPLO<\/h2>\n\n\n\n<h3 class=\"wp-block-heading\">Consagraci\u00f3n del Templo Sirius<\/h3>\n\n\n\n<p>El diez de junio del dos mil catorce, E.\u00b7. V.\u00b7., en el punto geom\u00e9trico por todos conocido, en esta ciudad capital, por primera vez, desde que asumi\u00f3 el alto honor, el Muy Respetable Gran Maestro de la Muy Respetable Gran Logia Valle de M\u00e9xico y su alto cuerpo fue recibido por los integrantes de la Respetable Logia Simb\u00f3lica N\u00e9bula 58, encabezados por su Venerable Maestro.<\/p>\n\n\n\n<p>El prop\u00f3sito de la visita de la alta autoridad del simbolismo mas\u00f3nico en M\u00e9xico, se debi\u00f3 a la consagraci\u00f3n del Templo que aloja nuestra Logia, mismo que a partir de dicha ceremonia lleva el nombre de Sirius.<\/p>\n<\/div>\n<\/div>\n<\/div>\n<\/div>\n\n\n\n<div class=\"wp-block-columns is-layout-flex wp-container-core-columns-is-layout-9d6595d7 wp-block-columns-is-layout-flex\">\n<div class=\"wp-block-column fundadores is-layout-flow wp-block-column-is-layout-flow\">\n<div class=\"wp-block-columns is-layout-flex wp-container-core-columns-is-layout-9d6595d7 wp-block-columns-is-layout-flex\">\n<div class=\"wp-block-column header is-layout-flow wp-block-column-is-layout-flow\">\n<h2 class=\"wp-block-heading\"><em>QUI\u00c9NES SOMOS<\/em><br>FUNDADORES<\/h2>\n<\/div>\n<\/div>\n\n\n\n<div class=\"wp-block-columns is-layout-flex wp-container-core-columns-is-layout-9d6595d7 wp-block-columns-is-layout-flex\">\n<div class=\"wp-block-column maestros is-layout-flow wp-block-column-is-layout-flow\">\n<figure class=\"wp-block-image size-large\"><img decoding=\"async\" src=\"https:\/\/templosirius.org\/Nebula58\/wp-content\/uploads\/imagenes\/quienes-somos\/aprendices.svg\" alt=\"\" class=\"wp-image-1718\" style=\"aspect-ratio:1;object-fit:cover\"\/><\/figure>\n\n\n\n<h3 class=\"wp-block-heading\">Maestros<\/h3>\n\n\n\n<ul class=\"wp-block-list\">\n<li>Francisco Javier L\u00f3pez Corral<\/li>\n\n\n\n<li>Juan Xochicale Espinosa<\/li>\n\n\n\n<li>Jes\u00fas Castillo Sandoval<\/li>\n\n\n\n<li>Jos\u00e9 de Jes\u00fas Hern\u00e1ndez Barajas<\/li>\n\n\n\n<li>Rom\u00e1n Antonio Leitniv Carrascoza<\/li>\n\n\n\n<li>Juan Carlos Mendoza Ru\u00edz<\/li>\n\n\n\n<li>Amado Tapia Cris\u00f3stomo<\/li>\n<\/ul>\n<\/div>\n\n\n\n<div class=\"wp-block-column companeros is-layout-flow wp-block-column-is-layout-flow\">\n<figure class=\"wp-block-image size-large\"><img decoding=\"async\" src=\"https:\/\/templosirius.org\/Nebula58\/wp-content\/uploads\/imagenes\/quienes-somos\/companeros.svg\" alt=\"\" class=\"wp-image-185\"\/><\/figure>\n\n\n\n<h3 class=\"wp-block-heading\">Compa\u00f1eros<\/h3>\n\n\n\n<ul class=\"wp-block-list\">\n<li>Luis Enrique Casta\u00f1eda Rodr\u00edguez<\/li>\n\n\n\n<li>Jaime Vega Mondr\u00e1gon<\/li>\n\n\n\n<li>Dar\u00edo Llamas Pichardo<\/li>\n<\/ul>\n<\/div>\n\n\n\n<div class=\"wp-block-column aprendices is-layout-flow wp-block-column-is-layout-flow\">\n<figure class=\"wp-block-image size-large\"><img decoding=\"async\" src=\"https:\/\/templosirius.org\/Nebula58\/wp-content\/uploads\/imagenes\/quienes-somos\/icon-maestros.svg\" alt=\"\" class=\"wp-image-1716\"\/><\/figure>\n\n\n\n<h3 class=\"wp-block-heading\">Aprendices<\/h3>\n\n\n\n<ul class=\"wp-block-list\">\n<li>Jos\u00e9 Mondrag\u00f3n Pedrero<\/li>\n\n\n\n<li>Carlos Axel Morales Paul\u00edn<\/li>\n\n\n\n<li>Manuel Bastida Araujo<\/li>\n\n\n\n<li>Aldo Acevedo S\u00e1nchez<\/li>\n<\/ul>\n<\/div>\n<\/div>\n<\/div>\n<\/div>\n\n\n\n<div class=\"wp-block-columns is-layout-flex wp-container-core-columns-is-layout-9d6595d7 wp-block-columns-is-layout-flex\">\n<div class=\"wp-block-column contenedor-constructores is-layout-flow wp-block-column-is-layout-flow\">\n<div class=\"wp-block-columns is-layout-flex wp-container-core-columns-is-layout-9d6595d7 wp-block-columns-is-layout-flex\">\n<div class=\"wp-block-column constructores is-layout-flow wp-block-column-is-layout-flow\">\n<h2 class=\"wp-block-heading\"><em>QUI\u00c9NES SOMOS<\/em><br>CONSTRUCTORES<\/h2>\n\n\n\n<div class=\"wp-block-columns is-layout-flex wp-container-core-columns-is-layout-9d6595d7 wp-block-columns-is-layout-flex\">\n<div class=\"wp-block-column constructores-txt is-layout-flow wp-block-column-is-layout-flow\">\n<ul class=\"wp-block-list\">\n<li><strong>Miguel Villalvazo Salazar<\/strong><br>V.\u00b7. M.\u00b7. &#8211; M.\u00b7. M.\u00b7.<\/li>\n\n\n\n<li><strong>Israel L\u00f3pez Mart\u00ednez<\/strong><br>Prim.\u00b7. Vig.\u00b7. &#8211; M.\u00b7. M.\u00b7. <\/li>\n\n\n\n<li><strong>Ricardo Mondrag\u00f3n Olgu\u00edn<\/strong><br>Seg.\u00b7. Vig.\u00b7. &#8211; M.\u00b7. M.\u00b7. <\/li>\n\n\n\n<li><strong>Luis Ra\u00fal Vides Ortiz<\/strong><br>Prim.\u00b7. Diac.\u00b7. &#8211; M.\u00b7. M.\u00b7. <\/li>\n\n\n\n<li><strong>Miguel Miranda Torres<\/strong><br><strong>Or.\u00b7. &#8211; M.\u00b7. M.\u00b7. <\/strong><\/li>\n\n\n\n<li><strong>Rodrigo Camarena Sol\u00eds<\/strong><br>Sec.\u00b7. &#8211; M.\u00b7. M.\u00b7. <\/li>\n<\/ul>\n<\/div>\n<\/div>\n\n\n\n<details class=\"wp-block-details detalle is-layout-flow wp-block-details-is-layout-flow\"><summary><\/summary>\n<div class=\"wp-block-columns is-layout-flex wp-container-core-columns-is-layout-9d6595d7 wp-block-columns-is-layout-flex\">\n<div class=\"wp-block-column constructores-txt is-layout-flow wp-block-column-is-layout-flow\">\n<ul class=\"wp-block-list\">\n<li><strong>Marco Antonio Porcayo Dimas<\/strong><br>Tes.\u00b7. &#8211; Ap.\u00b7. M.\u00b7. <\/li>\n\n\n\n<li><strong>Juan Carlos Vel\u00e1zquez G\u00f3mez<\/strong><br>M.\u00b7. de Cer.\u00b7. &#8211; M.\u00b7. M.\u00b7. <\/li>\n\n\n\n<li><strong>Francisco Javier Lopez Corral<\/strong><br>Rep .\u00b7. ante la Muy Resp.\u00b7. Gr.\u00b7. Log.\u00b7. Valle de M\u00e9xico &#8211; Past Master.\u00b7.<\/li>\n\n\n\n<li><strong>Mario Rojas Rodr\u00edguez<\/strong><br>Prim.\u00b7. Exp.\u00b7. &#8211; M.\u00b7. M.\u00b7. <\/li>\n\n\n\n<li><strong>V\u00edctor Sergio Rodr\u00edguez Cansino<\/strong><br>Seg.\u00b7. Exp.\u00b7. &#8211; C.\u00b7. M.\u00b7. <\/li>\n\n\n\n<li><strong>Jos\u00e9 C\u00e9sar Huescas Ayala<\/strong><br>Hosp.\u00b7. &#8211; Ap.\u00b7. M.\u00b7. <\/li>\n\n\n\n<li><strong>Felipe Fernando B\u00e1rcenas Jaimes<\/strong><br>G.\u00b7. Temp.\u00b7. &#8211; Ap.\u00b7. M.\u00b7. <\/li>\n\n\n\n<li><strong>Francisco Ruiz Est\u00e9vez<\/strong><br>Seg.\u00b7. Diac.\u00b7. &#8211; M.\u00b7. M.\u00b7. <\/li>\n\n\n\n<li><strong>Rogelio Zepeda S\u00e1mano<\/strong><br>Ec\u00f3n.\u00b7. &#8211; Ap.\u00b7. M.\u00b7. <\/li>\n\n\n\n<li><strong>Mart\u00edn Soto G\u00f3mez<\/strong><br>Port.\u00b7. Estan.\u00b7. &#8211; M.\u00b7. M.\u00b7. <\/li>\n\n\n\n<li><strong>Miguel L\u00f3pez Pacheco<\/strong><br>Abanderado &#8211; Ap.\u00b7. M.\u00b7. <\/li>\n\n\n\n<li><strong>Jos\u00e9 Mondrag\u00f3n Pedrero<\/strong><br>Past Master &#8211; M.\u00b7. M.\u00b7. <\/li>\n\n\n\n<li><strong>Aar\u00f3n Vel\u00e1zquez Miranda<\/strong><br>Past Master &#8211; M.\u00b7. M.\u00b7. <\/li>\n\n\n\n<li><strong>V\u00edctor Manuel Carrera Thompson<\/strong><br>Past Master &#8211; M.\u00b7. M.\u00b7. <\/li>\n\n\n\n<li><strong>Mario Garc\u00eda Maldonado<\/strong><br>M.\u00b7. M.\u00b7. <\/li>\n\n\n\n<li><strong>Jes\u00fas Antonio Tob\u00edas Cruz<\/strong><br>M.\u00b7. M.\u00b7. <\/li>\n\n\n\n<li><strong>Jos\u00e9 Luis L\u00f3pez Reyes<\/strong><br>C.\u00b7. M.\u00b7. &nbsp;<\/li>\n\n\n\n<li><strong>Efr\u00e9n Cervantes G\u00f3mez<\/strong><br>Ap.\u00b7. M.\u00b7. <\/li>\n<\/ul>\n<\/div>\n<\/div>\n<\/details>\n\n\n\n<div class=\"wp-block-columns is-layout-flex wp-container-core-columns-is-layout-9d6595d7 wp-block-columns-is-layout-flex\">\n<div class=\"wp-block-column constructores-blocks is-layout-flow wp-block-column-is-layout-flow\">\n<div class=\"wp-block-columns is-layout-flex wp-container-core-columns-is-layout-9d6595d7 wp-block-columns-is-layout-flex\">\n<div class=\"wp-block-column maestros is-layout-flow wp-block-column-is-layout-flow\">\n<figure class=\"wp-block-image size-large\"><img decoding=\"async\" src=\"https:\/\/templosirius.org\/Nebula58\/wp-content\/uploads\/imagenes\/quienes-somos\/aprendices.svg\" alt=\"\" class=\"wp-image-1718\"\/><\/figure>\n\n\n\n<h3 class=\"wp-block-heading\"><strong>PAST MASTER<\/strong><\/h3>\n\n\n\n<details class=\"wp-block-details is-layout-flow wp-block-details-is-layout-flow\"><summary><\/summary>\n<ul class=\"wp-block-list\">\n<li><strong>Past Master &#8211; M:.M:.<\/strong> Francisco Javier Lopez<\/li>\n\n\n\n<li><strong>Past Master &#8211; M.\u00b7. M.\u00b7.<\/strong> Jos\u00e9 Mondrag\u00f3n Pedrero<\/li>\n\n\n\n<li><strong>Past Master&nbsp; &#8211; M.\u00b7. M.\u00b7. <\/strong> Aar\u00f3n Vel\u00e1zquez Miranda<\/li>\n\n\n\n<li><strong>Past Master&nbsp; &#8211; M.\u00b7. M.\u00b7. <\/strong> V\u00edctor Manuel Carrera Thompson<\/li>\n<\/ul>\n<\/details>\n<\/div>\n\n\n\n<div class=\"wp-block-column companeros is-layout-flow wp-block-column-is-layout-flow\">\n<figure class=\"wp-block-image size-large\"><img decoding=\"async\" src=\"https:\/\/templosirius.org\/Nebula58\/wp-content\/uploads\/imagenes\/quienes-somos\/aprendices.svg\" alt=\"\" class=\"wp-image-1718\"\/><\/figure>\n\n\n\n<h3 class=\"wp-block-heading\"><strong>MAESTROS<\/strong><\/h3>\n\n\n\n<details class=\"wp-block-details is-layout-flow wp-block-details-is-layout-flow\"><summary><\/summary>\n<ul class=\"wp-block-list\">\n<li><strong>M.\u00b7. M.\u00b7. <\/strong>Miguel Villalvazo Salazar<\/li>\n\n\n\n<li><strong>M.\u00b7. M.\u00b7. <\/strong>Israel L\u00f3pez Mart\u00ednez<\/li>\n\n\n\n<li><strong>M.\u00b7. M.\u00b7. <\/strong>Ricardo Mondrag\u00f3n Olgu\u00edn<\/li>\n\n\n\n<li><strong>M.\u00b7. M.\u00b7. <\/strong>Luis Ra\u00fal Vides Ortiz<\/li>\n\n\n\n<li><strong>M.\u00b7. M.\u00b7. <\/strong>Miguel Miranda Torres<\/li>\n\n\n\n<li><strong>M.\u00b7. M.\u00b7. <\/strong>Rodrigo Camarena Sol\u00eds<\/li>\n\n\n\n<li><strong>M.\u00b7. M.\u00b7. <\/strong>Juan Carlos Vel\u00e1zquez G\u00f3mez<\/li>\n\n\n\n<li><strong>M.\u00b7. M.\u00b7. <\/strong>Mario Rojas Rodr\u00edguez<\/li>\n\n\n\n<li><strong>M.\u00b7. M.\u00b7. <\/strong>Francisco Ruiz Est\u00e9vez<\/li>\n\n\n\n<li><strong>M.\u00b7. M.\u00b7. <\/strong>Mart\u00edn Soto G\u00f3mez<\/li>\n\n\n\n<li><strong>M.\u00b7. M.\u00b7.<\/strong> Jes\u00fas Antonio Tob\u00edas Cruz<\/li>\n\n\n\n<li><strong>M.\u00b7. M.\u00b7. <\/strong> Mario Garc\u00eda Maldonado<\/li>\n<\/ul>\n<\/details>\n<\/div>\n\n\n\n<div class=\"wp-block-column aprendices is-layout-flow wp-block-column-is-layout-flow\">\n<figure class=\"wp-block-image size-large\"><img decoding=\"async\" src=\"https:\/\/templosirius.org\/Nebula58\/wp-content\/uploads\/imagenes\/quienes-somos\/companeros.svg\" alt=\"\" class=\"wp-image-1717\"\/><\/figure>\n\n\n\n<h3 class=\"wp-block-heading\">COMPA\u00d1EROS<\/h3>\n\n\n\n<details class=\"wp-block-details is-layout-flow wp-block-details-is-layout-flow\"><summary><\/summary>\n<ul class=\"wp-block-list\">\n<li><strong>C.\u00b7. M.\u00b7. <\/strong>V\u00edctor Sergio Rodr\u00edguez Cansino<\/li>\n\n\n\n<li><strong>C.\u00b7. M.\u00b7. <\/strong>Jos\u00e9 Luis L\u00f3pez Reyes<\/li>\n<\/ul>\n<\/details>\n<\/div>\n\n\n\n<div class=\"wp-block-column aprendices is-layout-flow wp-block-column-is-layout-flow\">\n<figure class=\"wp-block-image size-large\"><img decoding=\"async\" src=\"https:\/\/templosirius.org\/Nebula58\/wp-content\/uploads\/imagenes\/quienes-somos\/icon-maestros.svg\" alt=\"\" class=\"wp-image-1716\"\/><\/figure>\n\n\n\n<h3 class=\"wp-block-heading\">APRENDICES<\/h3>\n\n\n\n<details class=\"wp-block-details is-layout-flow wp-block-details-is-layout-flow\"><summary><\/summary>\n<ul class=\"wp-block-list\">\n<li><strong>A.\u00b7. M.\u00b7. <\/strong>Marco Antonio Porcayo Dimas<\/li>\n\n\n\n<li><strong>A.\u00b7. M.\u00b7. <\/strong>Jos\u00e9 C\u00e9sar Huescas Ayala<\/li>\n\n\n\n<li><strong>A.\u00b7. M.\u00b7. <\/strong>Felipe Fernando B\u00e1rcenas Jaimes<\/li>\n\n\n\n<li><strong>A.\u00b7. M.\u00b7. <\/strong>Rogelio Zepeda S\u00e1mano<\/li>\n\n\n\n<li><strong>A.\u00b7. M.\u00b7. <\/strong>Miguel L\u00f3pez Pacheco<\/li>\n\n\n\n<li><strong>A.\u00b7. M.\u00b7. <\/strong>Efr\u00e9n Cervantes G\u00f3mez<\/li>\n<\/ul>\n<\/details>\n<\/div>\n<\/div>\n<\/div>\n<\/div>\n\n\n\n<p class=\"constructores-txt\"><\/p>\n<\/div>\n<\/div>\n<\/div>\n<\/div>\n","protected":false},"excerpt":{"rendered":"<p>QUI\u00c9NES SOMOSTEMPLO Consagraci\u00f3n del Templo Sirius El diez de junio del dos mil catorce, E.\u00b7. V.\u00b7., en el punto geom\u00e9trico por todos conocido, en esta ciudad capital, por primera vez, desde que asumi\u00f3 el alto honor, el Muy Respetable Gran Maestro de la Muy Respetable Gran Logia Valle de M\u00e9xico y su alto cuerpo fue [&hellip;]<\/p>\n","protected":false},"author":1,"featured_media":0,"parent":0,"menu_order":0,"comment_status":"closed","ping_status":"closed","template":"","meta":{"inline_featured_image":false,"pgc_sgb_lightbox_settings":"","footnotes":""},"wf_page_folders":[],"class_list":["post-6","page","type-page","status-publish","hentry"],"_links":{"self":[{"href":"https:\/\/templosirius.org\/Nebula58\/wp-json\/wp\/v2\/pages\/6","targetHints":{"allow":["GET"]}}],"collection":[{"href":"https:\/\/templosirius.org\/Nebula58\/wp-json\/wp\/v2\/pages"}],"about":[{"href":"https:\/\/templosirius.org\/Nebula58\/wp-json\/wp\/v2\/types\/page"}],"author":[{"embeddable":true,"href":"https:\/\/templosirius.org\/Nebula58\/wp-json\/wp\/v2\/users\/1"}],"replies":[{"embeddable":true,"href":"https:\/\/templosirius.org\/Nebula58\/wp-json\/wp\/v2\/comments?post=6"}],"version-history":[{"count":56,"href":"https:\/\/templosirius.org\/Nebula58\/wp-json\/wp\/v2\/pages\/6\/revisions"}],"predecessor-version":[{"id":1726,"href":"https:\/\/templosirius.org\/Nebula58\/wp-json\/wp\/v2\/pages\/6\/revisions\/1726"}],"wp:attachment":[{"href":"https:\/\/templosirius.org\/Nebula58\/wp-json\/wp\/v2\/media?parent=6"}],"wp:term":[{"taxonomy":"wf_page_folders","embeddable":true,"href":"https:\/\/templosirius.org\/Nebula58\/wp-json\/wp\/v2\/wf_page_folders?post=6"}],"curies":[{"name":"wp","href":"https:\/\/api.w.org\/{rel}","templated":true}]}}