{"id":23,"date":"2025-06-06T16:02:12","date_gmt":"2025-06-06T16:02:12","guid":{"rendered":"https:\/\/templosirius.org\/Nebula58\/?page_id=23"},"modified":"2026-03-05T16:36:08","modified_gmt":"2026-03-05T16:36:08","slug":"masoneria","status":"publish","type":"page","link":"https:\/\/templosirius.org\/Nebula58\/masoneria\/","title":{"rendered":"Masoneria"},"content":{"rendered":"\n<div class=\"wp-block-columns is-layout-flex wp-container-core-columns-is-layout-9d6595d7 wp-block-columns-is-layout-flex\">\n<div class=\"wp-block-column principios is-layout-flow wp-block-column-is-layout-flow\">\n<div class=\"wp-block-columns is-layout-flex wp-container-core-columns-is-layout-9d6595d7 wp-block-columns-is-layout-flex\">\n<div class=\"wp-block-column principios-txt is-layout-flow wp-block-column-is-layout-flow\" style=\"flex-basis:30%\">\n<h2 class=\"wp-block-heading\"><em>MASONER\u00cdA<\/em><br>PRINCIPIOS<\/h2>\n\n\n\n<p><\/p>\n<\/div>\n\n\n\n<div class=\"wp-block-column modulos is-layout-flow wp-block-column-is-layout-flow\" style=\"flex-basis:70%\">\n<div class=\"wp-block-columns is-layout-flex wp-container-core-columns-is-layout-9d6595d7 wp-block-columns-is-layout-flex\">\n<div class=\"wp-block-column libertad is-layout-flow wp-block-column-is-layout-flow\">\n<figure class=\"wp-block-image size-large\"><img decoding=\"async\" src=\"https:\/\/templosirius.org\/Nebula58\/wp-content\/uploads\/imagenes\/masoneria\/libertad.svg\" alt=\"\" class=\"wp-image-247\"\/><\/figure>\n\n\n\n<details class=\"wp-block-details is-layout-flow wp-block-details-is-layout-flow\"><summary>  LIBERTAD<\/summary>\n<p>Por virtud de la imagen y semejanza que guarda con el Gran Arquitecto del Universo, el hombre nace libre; de ah\u00ed que la libertad se entienda como el esfuerzo de religarse con el ser supremo, pues la senda del conocimiento lo facultar\u00e1 para decidir si quiere hacer algo o no, haci\u00e9ndolo responsable de sus actos. Siempre libre para amar.<\/p>\n<\/details>\n<\/div>\n\n\n\n<div class=\"wp-block-column igualdad is-layout-flow wp-block-column-is-layout-flow\">\n<figure class=\"wp-block-image size-large\"><img decoding=\"async\" src=\"https:\/\/templosirius.org\/Nebula58\/wp-content\/uploads\/imagenes\/masoneria\/igualdad.svg\" alt=\"\" class=\"wp-image-249\"\/><\/figure>\n\n\n\n<details class=\"wp-block-details is-layout-flow wp-block-details-is-layout-flow\"><summary>  IGUALDAD<\/summary>\n<p>A partir del origen divino, la masoner\u00eda reconoce que todo hombre posee, de modo natural, las mismas facultades; la \u00fanica diferencia se produce en raz\u00f3n del vicio y la virtud. Siempre igual entre mis iguales.<\/p>\n<\/details>\n<\/div>\n\n\n\n<div class=\"wp-block-column fraternidad is-layout-flow wp-block-column-is-layout-flow\">\n<figure class=\"wp-block-image size-large\"><img decoding=\"async\" src=\"https:\/\/templosirius.org\/Nebula58\/wp-content\/uploads\/imagenes\/masoneria\/fraternidad.svg\" alt=\"\" class=\"wp-image-248\"\/><\/figure>\n\n\n\n<details class=\"wp-block-details is-layout-flow wp-block-details-is-layout-flow\"><summary>  FRATERNIDAD<\/summary>\n<p>La masoner\u00eda ilustra que el amor fraternal se logra con la uni\u00f3n de hermanos que reconocen en el Gran Arquitecto del Universo su origen com\u00fan, lo que produce bendici\u00f3n y vida eterna, pues se saben hijos amados del ser supremo. Siempre fraterno con la humanidad.<\/p>\n<\/details>\n<\/div>\n<\/div>\n<\/div>\n<\/div>\n<\/div>\n<\/div>\n\n\n\n<div class=\"wp-block-columns is-layout-flex wp-container-core-columns-is-layout-9d6595d7 wp-block-columns-is-layout-flex\">\n<div class=\"wp-block-column landmarks is-layout-flow wp-block-column-is-layout-flow\">\n<div class=\"wp-block-columns is-layout-flex wp-container-core-columns-is-layout-9d6595d7 wp-block-columns-is-layout-flex\">\n<div class=\"wp-block-column txt is-layout-flow wp-block-column-is-layout-flow\">\n<h2 class=\"wp-block-heading\"><em>MASONER\u00cdA<\/em><br>LANDMARKS<\/h2>\n\n\n\n<ul class=\"wp-block-list bullets\">\n<li class=\"list\">Reconocimientos<\/li>\n\n\n\n<li>Los tres grados<\/li>\n\n\n\n<li>El Gran Maestro<\/li>\n\n\n\n<li>Congregarse<\/li>\n\n\n\n<li>El Maestro y sus Luces<\/li>\n\n\n\n<li>La Representaci\u00f3n<\/li>\n\n\n\n<li>El derecho de apelaci\u00f3n<\/li>\n\n\n\n<li>Visitar y tomar asiento<\/li>\n\n\n\n<li>El reteje<\/li>\n\n\n\n<li>La no intervenci\u00f3n<\/li>\n\n\n\n<li>Las leyes y reglamentos<\/li>\n\n\n\n<li>El Gran Arquitecto<\/li>\n\n\n\n<li>La inmortalidad<\/li>\n\n\n\n<li>El libro de la Ley<\/li>\n\n\n\n<li>La igualdad<\/li>\n\n\n\n<li>El secreto<\/li>\n\n\n\n<li>Los L\u00edmites<\/li>\n<\/ul>\n<\/div>\n\n\n\n<div class=\"wp-block-column imagen is-layout-flow wp-block-column-is-layout-flow\">\n<figure class=\"wp-block-image size-full\"><img loading=\"lazy\" decoding=\"async\" width=\"800\" height=\"800\" src=\"https:\/\/templosirius.org\/Nebula58\/wp-content\/uploads\/imagenes\/masoneria\/ojo-todo-ve.webp\" alt=\"\" class=\"wp-image-259\" srcset=\"https:\/\/templosirius.org\/Nebula58\/wp-content\/uploads\/imagenes\/masoneria\/ojo-todo-ve.webp 800w, https:\/\/templosirius.org\/Nebula58\/wp-content\/uploads\/imagenes\/masoneria\/ojo-todo-ve-768x768.webp 768w\" sizes=\"auto, (max-width: 800px) 100vw, 800px\" \/><\/figure>\n<\/div>\n<\/div>\n<\/div>\n<\/div>\n\n\n\n<div class=\"wp-block-columns is-layout-flex wp-container-core-columns-is-layout-9d6595d7 wp-block-columns-is-layout-flex\">\n<div class=\"wp-block-column sabios is-layout-flow wp-block-column-is-layout-flow\">\n<h2 class=\"wp-block-heading\"><em>DEBERES MORALES<\/em><br>DE LA FRANCMASONER\u00cdA<\/h2>\n\n\n\n<div class=\"wp-block-columns is-layout-flex wp-container-core-columns-is-layout-9d6595d7 wp-block-columns-is-layout-flex\">\n<div class=\"wp-block-column img-back is-layout-flow wp-block-column-is-layout-flow\">\n<figure class=\"wp-block-image size-full\"><img loading=\"lazy\" decoding=\"async\" width=\"465\" height=\"553\" src=\"https:\/\/templosirius.org\/Nebula58\/wp-content\/uploads\/imagenes\/masoneria\/sabios.png\" alt=\"\" class=\"wp-image-262\"\/><\/figure>\n<\/div>\n\n\n\n<div class=\"wp-block-column txt is-layout-flow wp-block-column-is-layout-flow\">\n<ul class=\"wp-block-list numeros\">\n<li>El G.\u00b7. A.\u00b7. D.\u00b7. U.\u00b7. es la sabidur\u00eda eterna e inmutable; es la inteligencia suprema.<\/li>\n\n\n\n<li>Le honrar\u00e1s con la pr\u00e1ctica de la virtud. Tu religi\u00f3n ser\u00e1 la de hacer el bien por s\u00f3lo el placer de hacerlo y no por deber. Ser\u00e1s amigo del sabio y observaras sus preceptos. Tu alma es inmortal; no har\u00e1s nada que pueda degradarla. Combatir\u00e1s el vicio sin descanso.<\/li>\n\n\n\n<li>No hagas a otros lo que no quieres que ellos hicieren contigo. Res\u00edgnate con tu suerte y conservar\u00e1s la luz de la sabidur\u00eda.<\/li>\n\n\n\n<li>Honra a tus parientes. Respeta a los viejos. Ilustra a la juventud. Protege a la infancia.<\/li>\n\n\n\n<li>Ama a tu esposa y a tus hijos. Ama a tu patria y acata sus leyes.<\/li>\n\n\n\n<li>Considera a tu amigo como si fuera otra hechura de ti mismo. Que el infortunio no te aleje de \u00e9l. Haz por su memoria lo que har\u00edas por \u00e9l si viviera.<\/li>\n\n\n\n<li>Huye de las falsas amistades. Evita todo exceso. Teme y cuida de no manchar tu memoria.<\/li>\n\n\n\n<li>No te dejes dominar por pasi\u00f3n alguna. Utiliza la de los otros. S\u00e9 indulgente con el error.<\/li>\n\n\n\n<li>Escucha siempre. Habla poco. Y obra bien.<\/li>\n\n\n\n<li>Olvida las injurias. Devuelve bien por mal. No abuses de tu fuerza, ni de tu superioridad.<\/li>\n\n\n\n<li>Aprende a conocer a los hombres para aprender a conocerte a ti mismo.<\/li>\n\n\n\n<li>Busca la verdad. S\u00e9 justo. Y huye de la ociosidad.<\/li>\n<\/ul>\n<\/div>\n<\/div>\n<\/div>\n<\/div>\n\n\n\n<div class=\"wp-block-columns is-layout-flex wp-container-core-columns-is-layout-9d6595d7 wp-block-columns-is-layout-flex\">\n<div class=\"wp-block-column francmason is-layout-flow wp-block-column-is-layout-flow\">\n<h2 class=\"wp-block-heading\"><em>MASONER\u00cdA<\/em><br>MAND.\u00b7. DE LA FRANCMASONER\u00cdA<\/h2>\n\n\n\n<div class=\"wp-block-columns is-layout-flex wp-container-core-columns-is-layout-9d6595d7 wp-block-columns-is-layout-flex\">\n<div class=\"wp-block-column img-back is-layout-flow wp-block-column-is-layout-flow\">\n<figure class=\"wp-block-image size-full\"><img loading=\"lazy\" decoding=\"async\" width=\"465\" height=\"615\" src=\"https:\/\/templosirius.org\/Nebula58\/wp-content\/uploads\/imagenes\/masoneria\/franmasoneria.png\" alt=\"\" class=\"wp-image-263\"\/><\/figure>\n<\/div>\n\n\n\n<div class=\"wp-block-column txt is-layout-flow wp-block-column-is-layout-flow\">\n<ul class=\"wp-block-list numeros\">\n<li>S\u00e9 justo, porque la equidad es el sost\u00e9n del g\u00e9nero humano.<\/li>\n\n\n\n<li>S\u00e9 bueno, porque la bondad encadena a todos los corazones.<\/li>\n\n\n\n<li>S\u00e9 indulgente, porque eres d\u00e9bil y porque vives entre seres tan d\u00e9biles como t\u00fa.<\/li>\n\n\n\n<li>S\u00e9 agradecido, porque el reconocimiento alimenta y sostiene la bondad.<\/li>\n\n\n\n<li>S\u00e9 modesto, porque el orgullo subleva a los seres pagados de s\u00ed mismos.<\/li>\n\n\n\n<li>S\u00e9 fiel y sumiso a la autoridad legal.<\/li>\n\n\n\n<li>Perdona las injurias, porque la venganza eterniza los odios.<\/li>\n\n\n\n<li>Haz el bien al que te ultraje, a fin de mostrarte m\u00e1s grande que \u00e9l y convertirlo en un amigo.<\/li>\n\n\n\n<li>S\u00e9 continente, temperante y casto, porque la voluptuosidad, la intemperancia y los excesos destruyen a tu ser y te hacen despreciable.<\/li>\n\n\n\n<li>S\u00e9 buen ciudadano, porque la patria es necesaria a tu seguridad, a tus placeres y a tu bienestar.<\/li>\n\n\n\n<li>Defiende a tu pa\u00eds, porque \u00e9l te hace dichoso y porque encierra todos los lazos y todos los seres queridos a tu coraz\u00f3n; pero no olvides nunca que la humanidad tiene sus derechos.<\/li>\n\n\n\n<li>No permitas jam\u00e1s que tu patria, que es la madre com\u00fan de ti y de tus conciudadanos, sea injustamente oprimida, porque entonces vivir en ella ser\u00e1 una tortura. Si te niega el bienestar, si permite que te opriman, al\u00e9jate en silencio, no la trastornes jam\u00e1s; soporta resignado la adversidad.<\/li>\n<\/ul>\n<\/div>\n<\/div>\n<\/div>\n<\/div>\n","protected":false},"excerpt":{"rendered":"<p>MASONER\u00cdAPRINCIPIOS MASONER\u00cdALANDMARKS DEBERES MORALESDE LA FRANCMASONER\u00cdA MASONER\u00cdAMAND.\u00b7. DE LA FRANCMASONER\u00cdA<\/p>\n","protected":false},"author":1,"featured_media":0,"parent":0,"menu_order":0,"comment_status":"closed","ping_status":"closed","template":"","meta":{"inline_featured_image":false,"pgc_sgb_lightbox_settings":"","footnotes":""},"wf_page_folders":[],"class_list":["post-23","page","type-page","status-publish","hentry"],"_links":{"self":[{"href":"https:\/\/templosirius.org\/Nebula58\/wp-json\/wp\/v2\/pages\/23","targetHints":{"allow":["GET"]}}],"collection":[{"href":"https:\/\/templosirius.org\/Nebula58\/wp-json\/wp\/v2\/pages"}],"about":[{"href":"https:\/\/templosirius.org\/Nebula58\/wp-json\/wp\/v2\/types\/page"}],"author":[{"embeddable":true,"href":"https:\/\/templosirius.org\/Nebula58\/wp-json\/wp\/v2\/users\/1"}],"replies":[{"embeddable":true,"href":"https:\/\/templosirius.org\/Nebula58\/wp-json\/wp\/v2\/comments?post=23"}],"version-history":[{"count":33,"href":"https:\/\/templosirius.org\/Nebula58\/wp-json\/wp\/v2\/pages\/23\/revisions"}],"predecessor-version":[{"id":1713,"href":"https:\/\/templosirius.org\/Nebula58\/wp-json\/wp\/v2\/pages\/23\/revisions\/1713"}],"wp:attachment":[{"href":"https:\/\/templosirius.org\/Nebula58\/wp-json\/wp\/v2\/media?parent=23"}],"wp:term":[{"taxonomy":"wf_page_folders","embeddable":true,"href":"https:\/\/templosirius.org\/Nebula58\/wp-json\/wp\/v2\/wf_page_folders?post=23"}],"curies":[{"name":"wp","href":"https:\/\/api.w.org\/{rel}","templated":true}]}}